{"id":1316,"date":"2017-10-16T04:10:26","date_gmt":"2017-10-16T06:10:26","guid":{"rendered":"http:\/\/ninzio.com\/vincent\/?page_id=1316"},"modified":"2021-03-21T13:30:07","modified_gmt":"2021-03-21T16:30:07","slug":"sobre","status":"publish","type":"page","link":"https:\/\/gamata.com.br\/cursos\/sobre\/","title":{"rendered":"Sobre"},"content":{"rendered":"\n<div class=\"wp-block-image\"><figure class=\"aligncenter size-large\"><img loading=\"lazy\" decoding=\"async\" width=\"803\" height=\"535\" src=\"https:\/\/gamata.com.br\/cursos\/wp-content\/uploads\/2021\/02\/Maira_cursos_cerimonialista.jpg\" alt=\"\" class=\"wp-image-5279\" srcset=\"https:\/\/gamata.com.br\/cursos\/wp-content\/uploads\/2021\/02\/Maira_cursos_cerimonialista.jpg 803w, https:\/\/gamata.com.br\/cursos\/wp-content\/uploads\/2021\/02\/Maira_cursos_cerimonialista-300x200.jpg 300w, https:\/\/gamata.com.br\/cursos\/wp-content\/uploads\/2021\/02\/Maira_cursos_cerimonialista-768x512.jpg 768w, https:\/\/gamata.com.br\/cursos\/wp-content\/uploads\/2021\/02\/Maira_cursos_cerimonialista-600x400.jpg 600w, https:\/\/gamata.com.br\/cursos\/wp-content\/uploads\/2021\/02\/Maira_cursos_cerimonialista-480x320.jpg 480w\" sizes=\"auto, (max-width: 803px) 100vw, 803px\" \/><figcaption>imagem: JR Fotografia<\/figcaption><\/figure><\/div>\n\n\n<p><strong>Ma\u00edra Tamberlini<\/strong> \u00e9 uma profissional especialista em <em>Organiza\u00e7\u00e3o de Eventos<\/em> com mais de 18 anos de experi\u00eancia no setor e forte atua\u00e7\u00e3o no mercado de eventos sociais, especialmente o de casamentos.<\/p>\n<p>\u00c9 graduada em Rela\u00e7\u00f5es P\u00fablicas com especializa\u00e7\u00e3o em Eventos e Cerimonial e p\u00f3s graduanda em Metodologia do Ensino Superior.<\/p>\n<p>Em 2008 fundou a <strong>Gamata Assessoria<\/strong> empresa com foco em organiza\u00e7\u00e3o de eventos que possui hoje em seu portf\u00f3lio centenas de eventos realizados.<\/p>\n<p>\u00c9 uma das pioneiras em projetos de capacita\u00e7\u00e3o profissionais sendo uma das co-fundadoras do <strong>CAES \u2013 Clube de Assessores de Eventos Sociais<\/strong> e uma das organizadoras do primeiro evento realizado no Brasil para profissionais de assessoria e cerimonial de eventos, o <strong>Congresso Wedding Planner Brasil<\/strong>.<\/p>\n<p>Por conta de sua expertise foi convidada para ministrar uma s\u00e9rie de palestras na FAAP na qual compartilhou seu conhecimento sobre o mercado de casamentos. Foi atrav\u00e9s dessa experi\u00eancia que a semente dos projetos educacionais foi plantada em seu cora\u00e7\u00e3o.<\/p>\n<p>Logo ap\u00f3s em parceria com a Cris Nuldeman do Blog Mother of the Bride criou o <strong>Wedding Connection Cursos &amp; Consultoria<\/strong> em 2012 com a qual realizou diversos eventos multidisciplinares voltados a profissionais de eventos e no ano de 2016 sentindo a car\u00eancia de treinamentos com conte\u00fado t\u00e9cnico criou e realizou diversas edi\u00e7\u00f5es do <em>Curso para Eventos<\/em> em parceria com Gisele Vieira.<\/p>\n<p>Ap\u00f3s 10 anos da funda\u00e7\u00e3o da Gamata Assessoria, Ma\u00edra decidiu que era hora de ampliar suas atividades e dar um novo passo em sua carreira lan\u00e7ando assim a <strong>Gamata Cursos e Consultoria<\/strong> cujo objetivo principal \u00e9 auxiliar na capacita\u00e7\u00e3o e profissionaliza\u00e7\u00e3o de neg\u00f3cios do setor de festas e eventos.<\/p>\n<p>Hoje Ma\u00edra Tamberlini divide seu conhecimento e experi\u00eancia n\u00e3o apenas com seus clientes na realiza\u00e7\u00e3o de eventos, mas tamb\u00e9m auxiliando profissionais da \u00e1rea a ampliarem a sua vis\u00e3o e se desenvolverem como profissionais e empreendedores.<\/p>","protected":false},"excerpt":{"rendered":"<p>Ma\u00edra Tamberlini \u00e9 uma profissional especialista em Organiza\u00e7\u00e3o de Eventos com mais de 18 anos de experi\u00eancia no setor e forte atua\u00e7\u00e3o no mercado de eventos sociais, especialmente o de casamentos. \u00c9 graduada em Rela\u00e7\u00f5es P\u00fablicas com especializa\u00e7\u00e3o em Eventos e Cerimonial e p\u00f3s graduanda em Metodologia do Ensino Superior. Em 2008 fundou a Gamata &hellip; <\/p>\n","protected":false},"author":1,"featured_media":5368,"parent":0,"menu_order":0,"comment_status":"closed","ping_status":"closed","template":"","meta":{"footnotes":""},"class_list":["post-1316","page","type-page","status-publish","has-post-thumbnail","hentry"],"_links":{"self":[{"href":"https:\/\/gamata.com.br\/cursos\/wp-json\/wp\/v2\/pages\/1316","targetHints":{"allow":["GET"]}}],"collection":[{"href":"https:\/\/gamata.com.br\/cursos\/wp-json\/wp\/v2\/pages"}],"about":[{"href":"https:\/\/gamata.com.br\/cursos\/wp-json\/wp\/v2\/types\/page"}],"author":[{"embeddable":true,"href":"https:\/\/gamata.com.br\/cursos\/wp-json\/wp\/v2\/users\/1"}],"replies":[{"embeddable":true,"href":"https:\/\/gamata.com.br\/cursos\/wp-json\/wp\/v2\/comments?post=1316"}],"version-history":[{"count":4,"href":"https:\/\/gamata.com.br\/cursos\/wp-json\/wp\/v2\/pages\/1316\/revisions"}],"predecessor-version":[{"id":5330,"href":"https:\/\/gamata.com.br\/cursos\/wp-json\/wp\/v2\/pages\/1316\/revisions\/5330"}],"wp:featuredmedia":[{"embeddable":true,"href":"https:\/\/gamata.com.br\/cursos\/wp-json\/wp\/v2\/media\/5368"}],"wp:attachment":[{"href":"https:\/\/gamata.com.br\/cursos\/wp-json\/wp\/v2\/media?parent=1316"}],"curies":[{"name":"wp","href":"https:\/\/api.w.org\/{rel}","templated":true}]}}