{"id":1397,"date":"2017-10-18T08:46:22","date_gmt":"2017-10-18T08:46:22","guid":{"rendered":"http:\/\/ninzio.com\/vincent\/?page_id=1397"},"modified":"2020-05-06T01:58:51","modified_gmt":"2020-05-06T04:58:51","slug":"home-app","status":"publish","type":"page","link":"https:\/\/gamata.com.br\/cursos\/","title":{"rendered":"Home App"},"content":{"rendered":"<div class=\"wpb-content-wrapper\"><p>[vc_row][vc_column][rev_slider_vc alias=&#8221;slider-1&#8243;][\/vc_column][\/vc_row][vc_row fullwidth=&#8221;yes&#8221;][vc_column]<div class=\"vincent-content-box clearfix \" data-padding=\"\" data-mobipadding=\"\" data-margin=\"-90px 0px 0px 0px\" data-mobimargin=\"\" >\n\t\t<div class=\"inner ctb-397559912\" style=\"\" >\n\t\t\t<div class=\"vincent-scroll-target\">\n\t\t\t<a href=\"#first-section\" style=\"font-size:32px;\">\n\t\t\t<span class=\"lnr-chevron-down\"><\/span>\n\t\t\t<\/a>\n\t\t<\/div>\n\t\t<\/div>\n\t<\/div>[\/vc_column][\/vc_row][vc_row full_width=&#8221;stretch_row&#8221; css=&#8221;.vc_custom_1543145474306{background-image: url(https:\/\/ninzio.com\/vincent\/wp-content\/uploads\/2018\/10\/section_bg1-1.jpg?id=3119) !important;background-position: 0 0 !important;background-repeat: no-repeat !important;}&#8221; el_id=&#8221;first-section&#8221;][vc_column]\n\t<div class=\"vincent-spacer clearfix\" data-desktop=\"200\" data-mobi=\"60\" data-smobi=\"60\"><\/div><div class=\"vincent-content-box clearfix \" data-padding=\"117px 24% 20px\" data-mobipadding=\"70px 10% 40px\" data-margin=\"\" data-mobimargin=\"\" >\n\t\t<div class=\"inner ctb-414721142\" style=\"\"  data-background=\"#ffffff\" data-rounded=\"10px\" data-shadow=\" 0px 20px 40px 0px rgba(92,95,101,0.15)\">\n\t\t\t<div class=\"vincent-animation-block \" >\n\t\t[contact-form-7 id=&#8221;1284&#8243;]\n\t<\/div>[vc_single_image image=&#8221;4888&#8243; alignment=&#8221;center&#8221; css_animation=&#8221;fadeInUp&#8221;]\n\t\t<\/div>\n\t<\/div>\n\t<div class=\"vincent-spacer clearfix\" data-desktop=\"180\" data-mobi=\"100\" data-smobi=\"60\"><\/div>[vc_row_inner el_id=&#8221;palestras&#8221;][vc_column_inner width=&#8221;1\/2&#8243;]\n\t<div class=\"vincent-spacer clearfix\" data-desktop=\"160\" data-mobi=\"60\" data-smobi=\"0\"><\/div><div class=\"vincent-headings clearfix \" data-font=29 style=\"\"><h2 class=\"heading clearfix\" style=\"max-width:450px;line-height:37px;margin-bottom:35px;font-size:29px;\">\n\t\tPALESTRAS J\u00c1 REALIZADAS\n\t<\/h2><p class=\"sub-heading clearfix\" style=\"font-style:normal;font-size:18px;line-height:28px;margin-bottom:20px;max-width:450px;\">\n\t\tCursos e palestras exclusivas para diferentes eventos e regi\u00f5es\n\t<\/p><\/div><div class=\"vincent-animation-block \" >\n\t\t<div class=\"vincent-list clearfix icon-middle\" >\n\t\t<div style=\"padding:3px 0px 4px 0px;\">\n\t\t\t<span style=\"padding-left:37px;color:#333d47\"><span class=\"icon \" style=\"color:#1dabf2;font-size:16px;\">\n\t\t\t<i class=\"lnr-moon\"><\/i>\n\t\t<\/span> <span style=\"font-size:16px;\">Ajudamos com seus planejamento<\/span><\/span>\n\t\t<\/div>\n\t<\/div><div class=\"vincent-list clearfix icon-middle\" >\n\t\t<div style=\"padding:3px 0px 4px 0px;\">\n\t\t\t<span style=\"padding-left:37px;color:#333d47\"><span class=\"icon \" style=\"color:#1dabf2;font-size:16px;\">\n\t\t\t<i class=\"lnr-heart\"><\/i>\n\t\t<\/span> <span style=\"font-size:16px;\">Prestamos consultorias exclusivas<\/span><\/span>\n\t\t<\/div>\n\t<\/div><div class=\"vincent-list clearfix icon-middle\" >\n\t\t<div style=\"padding:3px 0px 4px 0px;\">\n\t\t\t<span style=\"padding-left:37px;color:#333d47\"><span class=\"icon \" style=\"color:#1dabf2;font-size:16px;\">\n\t\t\t<i class=\"lnr-magic-wand\"><\/i>\n\t\t<\/span> <span style=\"font-size:16px;\">Conhecimento \u00e9 o maior bem para sua empresa<\/span><\/span>\n\t\t<\/div>\n\t<\/div>\n\t<\/div>\n\t<div class=\"vincent-spacer clearfix\" data-desktop=\"30\" data-mobi=\"30\" data-smobi=\"30\"><\/div><div class=\"\" ><a class=\"vincent-links \" href=\"http:\/\/gamata.com.br\/cursos\/palestras\/\" style=\"color:#1dabf2;\">\n\t\t\t<span class=\"text\" style=\"font-weight:700;font-size:18px;\">Veja todas<\/span>\n\t\t\t<i class=\"coreicon-arrow\"><\/i>\n\t\t<\/a><\/div>\n\t<div class=\"vincent-spacer clearfix\" data-desktop=\"0\" data-mobi=\"60\" data-smobi=\"60\"><\/div>[\/vc_column_inner][vc_column_inner width=&#8221;1\/4&#8243;]<div class=\"vincent-content-box clearfix  wow fadeInUp\" data-padding=\"35px 30px 75px\" data-mobipadding=\"35px 30px 45px\" data-margin=\"\" data-mobimargin=\"\"  data-wow-duration=\"0.75s\" data-wow-delay=\"0.2s\">\n\t\t<div class=\"inner ctb-466707939\" style=\"background:url(https:\/\/gamata.com.br\/cursos\/wp-content\/uploads\/2020\/05\/IMG_7843.jpg) center center no-repeat;background-size:cover;\"  data-background=\"#ffffff\" data-rounded=\"5px\" data-border-width=\"0px 0px 4px 0px\" data-shadow=\" 0px 15px 40px 0px #ededed\" data-border-color-hover=\"#0b77ee\" data-border-width-hover=\"0px 0px 4px 0px\" data-translatey=\"-10\">\n\t\t\t\n\t<div class=\"vincent-spacer clearfix\" data-desktop=\"180\" data-mobi=\"180\" data-smobi=\"80\"><\/div>\n\t\t<\/div>\n\t<\/div>\n\t<div class=\"vincent-spacer clearfix\" data-desktop=\"30\" data-mobi=\"30\" data-smobi=\"30\"><\/div><div class=\"vincent-content-box clearfix  wow fadeInUp\" data-padding=\"35px 30px 75px\" data-mobipadding=\"35px 30px 45px\" data-margin=\"\" data-mobimargin=\"\"  data-wow-duration=\"0.75s\" data-wow-delay=\"0.2s\">\n\t\t<div class=\"inner ctb-556933707\" style=\"background:url(https:\/\/gamata.com.br\/cursos\/wp-content\/uploads\/2020\/05\/IMG_3431.jpg) center top no-repeat;background-size:cover;\"  data-background=\"#ffffff\" data-rounded=\"5px\" data-border-width=\"0px 0px 4px 0px\" data-shadow=\" 0px 15px 40px 0px #ededed\" data-border-color-hover=\"#0b77ee\" data-border-width-hover=\"0px 0px 4px 0px\" data-translatey=\"-10\">\n\t\t\t\n\t<div class=\"vincent-spacer clearfix\" data-desktop=\"180\" data-mobi=\"180\" data-smobi=\"80\"><\/div>\n\t\t<\/div>\n\t<\/div>[\/vc_column_inner][vc_column_inner width=&#8221;1\/4&#8243;]\n\t<div class=\"vincent-spacer clearfix\" data-desktop=\"60\" data-mobi=\"30\" data-smobi=\"30\"><\/div><div class=\"vincent-content-box clearfix  wow fadeInUp\" data-padding=\"35px 30px 75px\" data-mobipadding=\"35px 30px 45px\" data-margin=\"\" data-mobimargin=\"\"  data-wow-duration=\"0.75s\" data-wow-delay=\"0.4s\">\n\t\t<div class=\"inner ctb-929773984\" style=\"background:url(https:\/\/gamata.com.br\/cursos\/wp-content\/uploads\/2020\/05\/gamataassessoria_mairatamberlini_evento_palestra_presidenteprudente_celebratingwedding-15.jpg) left top no-repeat;background-size:cover;\"  data-background=\"#ffffff\" data-rounded=\"5px\" data-border-width=\"0px 0px 4px 0px\" data-shadow=\" 0px 15px 40px 0px #ededed\" data-border-color-hover=\"#0b77ee\" data-border-width-hover=\"0px 0px 4px 0px\" data-translatey=\"-10\">\n\t\t\t\n\t<div class=\"vincent-spacer clearfix\" data-desktop=\"180\" data-mobi=\"180\" data-smobi=\"80\"><\/div>\n\t\t<\/div>\n\t<\/div>\n\t<div class=\"vincent-spacer clearfix\" data-desktop=\"30\" data-mobi=\"30\" data-smobi=\"30\"><\/div><div class=\"vincent-content-box clearfix  wow fadeInUp\" data-padding=\"35px 30px 75px\" data-mobipadding=\"35px 30px 45px\" data-margin=\"\" data-mobimargin=\"\"  data-wow-duration=\"0.75s\" data-wow-delay=\"0.4s\">\n\t\t<div class=\"inner ctb-11864743\" style=\"background:url(https:\/\/gamata.com.br\/cursos\/wp-content\/uploads\/2020\/05\/cursoparaeventos_photosboutique_modulo1_27e28agosto-270.jpg) center center no-repeat;background-size:cover;\"  data-background=\"#ffffff\" data-rounded=\"5px\" data-border-width=\"0px 0px 4px 0px\" data-shadow=\" 0px 15px 40px 0px #ededed\" data-border-color-hover=\"#0b77ee\" data-border-width-hover=\"0px 0px 4px 0px\" data-translatey=\"-10\">\n\t\t\t\n\t<div class=\"vincent-spacer clearfix\" data-desktop=\"180\" data-mobi=\"180\" data-smobi=\"80\"><\/div>\n\t\t<\/div>\n\t<\/div>[\/vc_column_inner][\/vc_row_inner]\n\t<div class=\"vincent-spacer clearfix\" data-desktop=\"80\" data-mobi=\"60\" data-smobi=\"60\"><\/div><div class=\"vincent-divider divider-center divider-solid\" style=\"border-width:1px;border-top-color:#f1f1f1;\"><\/div><div class=\"clearfix\"><\/div>\n\t<div class=\"vincent-spacer clearfix\" data-desktop=\"95\" data-mobi=\"60\" data-smobi=\"60\"><\/div>[\/vc_column][\/vc_row][vc_row img_halfrow=&#8221;yes&#8221; halfrow_image=&#8221;5214&#8243; img_columns=&#8221;6columns&#8221; img_position=&#8221;imgright&#8221; img_offset_top=&#8221;170px&#8221; css=&#8221;.vc_custom_1588736495341{background-image: url(https:\/\/ninzio.com\/vincent\/wp-content\/uploads\/2018\/10\/section_bg3.png?id=3185) !important;background-position: 0 0 !important;background-repeat: no-repeat !important;}&#8221; parallax_x=&#8221;0&#8243; parallax_y=&#8221;-120&#8243;][vc_column][vc_row_inner el_id=&#8221;cursos&#8221;][vc_column_inner width=&#8221;1\/2&#8243;]\n\t<div class=\"vincent-spacer clearfix\" data-desktop=\"127\" data-mobi=\"60\" data-smobi=\"60\"><\/div><div class=\"vincent-headings clearfix \" data-font=22 style=\"\"><h5 class=\"heading clearfix\" style=\"color:#eeeeee;font-size:22px;\">\n\t\tLEVE O CURSO PARA SUA CIDADE\n\t<\/h5><\/div>\n\t<div class=\"vincent-spacer clearfix\" data-desktop=\"28\" data-mobi=\"20\" data-smobi=\"20\"><\/div><div class=\"vincent-headings clearfix \" data-font=36 style=\"\"><h2 class=\"heading clearfix\" style=\"color:#ffffff;line-height:54px;margin-bottom:37px;font-size:36px;\">\n\t\tPodemos encontrar a melhor forma de sua regi\u00e3o ser capacitada\n\t<\/h2><p class=\"sub-heading clearfix\" style=\"font-style:normal;color:#ffffff;font-size:15px;line-height:22px;\">\n\t\tPreparamos tudo que \u00e9 necess\u00e1rio para sua cidade receber um de nossos cursos. Infraestrutura, acomoda\u00e7\u00f5es, materiais. Tudo que for necess\u00e1rio para seu curso.\n\t<\/p><\/div>\n\t<div class=\"vincent-spacer clearfix\" data-desktop=\"64\" data-mobi=\"40\" data-smobi=\"40\"><\/div><div class=\"button-wrap icon-right\" style=\"\" ><a href=\"https:\/\/ninzio.com\/vincent\/services\/\" target=\"_self\" class=\"vincent-button btn-1705884657 big outline solid custom\" style=\"border-radius:30px;border-width:2px;\"  data-border=\"#ffffff\" data-text=\"#ffffff\" data-text-hover=\"#333d47\" data-background-hover=\"#ffffff\" data-border-hover=\"#ffffff\">\n\t\t<span style=\"\">CONSULTE-NOS <\/span>\n\t<\/a><\/div>\n\t<div class=\"vincent-spacer clearfix\" data-desktop=\"350\" data-mobi=\"70\" data-smobi=\"70\"><\/div>[\/vc_column_inner][vc_column_inner width=&#8221;1\/2&#8243;][\/vc_column_inner][\/vc_row_inner][\/vc_column][\/vc_row][vc_row css=&#8221;.vc_custom_1588739364844{background-image: url(https:\/\/ninzio.com\/vincent\/wp-content\/uploads\/2018\/10\/section_bg4.jpg?id=3229) !important;}&#8221; el_id=&#8221;contato&#8221;][vc_column]\n\t<div class=\"vincent-spacer clearfix\" data-desktop=\"50\" data-mobi=\"40\" data-smobi=\"40\"><\/div><div class=\"vincent-headings clearfix text-center\" data-font=22 style=\"\"><h5 class=\"heading clearfix\" style=\"color:#06d4c9;font-size:22px;\">\n\t\tEntre em contato\n\t<\/h5><\/div><div class=\"vincent-headings clearfix text-center\" data-font=36 style=\"\"><h2 class=\"heading clearfix\" style=\"color:#ffffff;max-width:750px;margin-left: auto; margin-right: auto;line-height:54px;margin-bottom:37px;font-size:36px;\">\n\t\tEnvie sua mensagem\n\t<\/h2><\/div>[contact-form-7 id=&#8221;6&#8243;][\/vc_column][\/vc_row]<\/p>\n<\/div>","protected":false},"excerpt":{"rendered":"<p>[vc_row][vc_column][rev_slider_vc alias=&#8221;slider-1&#8243;][\/vc_column][\/vc_row][vc_row fullwidth=&#8221;yes&#8221;][vc_column][\/vc_column][\/vc_row][vc_row full_width=&#8221;stretch_row&#8221; css=&#8221;.vc_custom_1543145474306{background-image: url(https:\/\/ninzio.com\/vincent\/wp-content\/uploads\/2018\/10\/section_bg1-1.jpg?id=3119) !important;background-position: 0 0 !important;background-repeat: no-repeat !important;}&#8221; el_id=&#8221;first-section&#8221;][vc_column][vc_row_inner el_id=&#8221;palestras&#8221;][vc_column_inner width=&#8221;1\/2&#8243;][\/vc_column_inner][vc_column_inner width=&#8221;1\/4&#8243;][\/vc_column_inner][vc_column_inner width=&#8221;1\/4&#8243;][\/vc_column_inner][\/vc_row_inner][\/vc_column][\/vc_row][vc_row img_halfrow=&#8221;yes&#8221; halfrow_image=&#8221;5214&#8243; img_columns=&#8221;6columns&#8221; img_position=&#8221;imgright&#8221; img_offset_top=&#8221;170px&#8221; css=&#8221;.vc_custom_1588736495341{background-image: url(https:\/\/ninzio.com\/vincent\/wp-content\/uploads\/2018\/10\/section_bg3.png?id=3185) !important;background-position: 0 0 !important;background-repeat: no-repeat !important;}&#8221; parallax_x=&#8221;0&#8243; parallax_y=&#8221;-120&#8243;][vc_column][vc_row_inner el_id=&#8221;cursos&#8221;][vc_column_inner width=&#8221;1\/2&#8243;][\/vc_column_inner][vc_column_inner width=&#8221;1\/2&#8243;][\/vc_column_inner][\/vc_row_inner][\/vc_column][\/vc_row][vc_row css=&#8221;.vc_custom_1588739364844{background-image: url(https:\/\/ninzio.com\/vincent\/wp-content\/uploads\/2018\/10\/section_bg4.jpg?id=3229) !important;}&#8221; el_id=&#8221;contato&#8221;][vc_column][contact-form-7 id=&#8221;6&#8243;][\/vc_column][\/vc_row]<\/p>\n","protected":false},"author":1,"featured_media":0,"parent":0,"menu_order":0,"comment_status":"closed","ping_status":"closed","template":"","meta":{"footnotes":""},"class_list":["post-1397","page","type-page","status-publish","hentry"],"_links":{"self":[{"href":"https:\/\/gamata.com.br\/cursos\/wp-json\/wp\/v2\/pages\/1397","targetHints":{"allow":["GET"]}}],"collection":[{"href":"https:\/\/gamata.com.br\/cursos\/wp-json\/wp\/v2\/pages"}],"about":[{"href":"https:\/\/gamata.com.br\/cursos\/wp-json\/wp\/v2\/types\/page"}],"author":[{"embeddable":true,"href":"https:\/\/gamata.com.br\/cursos\/wp-json\/wp\/v2\/users\/1"}],"replies":[{"embeddable":true,"href":"https:\/\/gamata.com.br\/cursos\/wp-json\/wp\/v2\/comments?post=1397"}],"version-history":[{"count":17,"href":"https:\/\/gamata.com.br\/cursos\/wp-json\/wp\/v2\/pages\/1397\/revisions"}],"predecessor-version":[{"id":5250,"href":"https:\/\/gamata.com.br\/cursos\/wp-json\/wp\/v2\/pages\/1397\/revisions\/5250"}],"wp:attachment":[{"href":"https:\/\/gamata.com.br\/cursos\/wp-json\/wp\/v2\/media?parent=1397"}],"curies":[{"name":"wp","href":"https:\/\/api.w.org\/{rel}","templated":true}]}}