{"id":1416,"date":"2017-10-18T09:21:50","date_gmt":"2017-10-18T09:21:50","guid":{"rendered":"http:\/\/ninzio.com\/vincent\/cart\/"},"modified":"2021-02-09T17:53:04","modified_gmt":"2021-02-09T20:53:04","slug":"cart","status":"publish","type":"page","link":"https:\/\/gamata.com.br\/cursos\/cart\/","title":{"rendered":"Ol\u00e1, Eu sou a Ma\u00edra"},"content":{"rendered":"<p>Sou fundadora da Gamata Eventos e atuo como organizadora de eventos h\u00e1 quase 20 anos.<\/p>\n<p>Ap\u00f3s participar de diversas iniciativas voltadas a capacita\u00e7\u00e3o de outros profissionais do setor, decidi ampliar as atividades da minha empresa com a cria\u00e7\u00e3o da Gamata Cursos e Consultoria, cujo objetivo \u00e9 contribuir para capacita\u00e7\u00e3o t\u00e9cnica e profissionaliza\u00e7\u00e3o do mercado de eventos.<\/p>\n","protected":false},"excerpt":{"rendered":"<p>Sou fundadora da Gamata Eventos e atuo como organizadora de eventos h\u00e1 quase 20 anos. Ap\u00f3s participar de diversas iniciativas voltadas a capacita\u00e7\u00e3o de outros profissionais do setor, decidi ampliar as atividades da minha empresa com a cria\u00e7\u00e3o da Gamata Cursos e Consultoria, cujo objetivo \u00e9 contribuir para capacita\u00e7\u00e3o t\u00e9cnica e profissionaliza\u00e7\u00e3o do mercado de &hellip; <\/p>\n","protected":false},"author":1,"featured_media":5290,"parent":0,"menu_order":0,"comment_status":"closed","ping_status":"closed","template":"","meta":{"footnotes":""},"class_list":["post-1416","page","type-page","status-publish","has-post-thumbnail","hentry"],"_links":{"self":[{"href":"https:\/\/gamata.com.br\/cursos\/wp-json\/wp\/v2\/pages\/1416","targetHints":{"allow":["GET"]}}],"collection":[{"href":"https:\/\/gamata.com.br\/cursos\/wp-json\/wp\/v2\/pages"}],"about":[{"href":"https:\/\/gamata.com.br\/cursos\/wp-json\/wp\/v2\/types\/page"}],"author":[{"embeddable":true,"href":"https:\/\/gamata.com.br\/cursos\/wp-json\/wp\/v2\/users\/1"}],"replies":[{"embeddable":true,"href":"https:\/\/gamata.com.br\/cursos\/wp-json\/wp\/v2\/comments?post=1416"}],"version-history":[{"count":1,"href":"https:\/\/gamata.com.br\/cursos\/wp-json\/wp\/v2\/pages\/1416\/revisions"}],"predecessor-version":[{"id":5292,"href":"https:\/\/gamata.com.br\/cursos\/wp-json\/wp\/v2\/pages\/1416\/revisions\/5292"}],"wp:featuredmedia":[{"embeddable":true,"href":"https:\/\/gamata.com.br\/cursos\/wp-json\/wp\/v2\/media\/5290"}],"wp:attachment":[{"href":"https:\/\/gamata.com.br\/cursos\/wp-json\/wp\/v2\/media?parent=1416"}],"curies":[{"name":"wp","href":"https:\/\/api.w.org\/{rel}","templated":true}]}}