{"id":2285,"date":"2017-12-06T13:29:07","date_gmt":"2017-12-06T13:29:07","guid":{"rendered":"http:\/\/ninzio.com\/vincent\/?page_id=2285"},"modified":"2021-03-22T13:27:05","modified_gmt":"2021-03-22T16:27:05","slug":"palestras","status":"publish","type":"page","link":"https:\/\/gamata.com.br\/cursos\/palestras\/","title":{"rendered":"Palestras"},"content":{"rendered":"\n<p>Ao longo de sua trajet\u00f3ria Ma\u00edra desenvolveu uma s\u00e9rie de palestras destinadas a profissionais do mercado de eventos, s\u00e3o elas:<\/p>\n\n\n\n<p>\u00b7 A import\u00e2ncia do trabalho em equipe;<\/p>\n\n\n\n<p>\u00b7 Check-list e lista de convidados;<\/p>\n\n\n\n<p>\u00b7 Como a tecnologia favorece o trabalho dos organizadores de eventos;<\/p>\n\n\n\n<p>\u00b7 Detalhes que fazem a diferen\u00e7a;<\/p>\n\n\n\n<p>\u00b7 Empreendedorismo \u2013 como vender mais;<\/p>\n\n\n\n<p>\u00b7 Encantamento;<\/p>\n\n\n\n<p>\u00b7 Marketing Digital para Profissionais do Mercado de Eventos;<\/p>\n\n\n\n<p>\u00b7 M\u00eddias sociais e empreendedorismo;<\/p>\n\n\n\n<p>\u00b7 O autoconhecimento para uma lideran\u00e7a bem sucedida;<\/p>\n\n\n\n<p>\u00b7 O dia do evento;<\/p>\n\n\n\n<p>\u00b7 O mercado de cerim\u00f4nias pela \u00f3tica dos organizadores de eventos;<\/p>\n\n\n\n<p>\u00b7 O real significado da parceria;<\/p>\n\n\n\n<p>\u00b7 Os bastidores dos eventos;<\/p>\n\n\n\n<p>\u00b7 Porque contratar uma assessoria;<\/p>\n\n\n\n<p>\u00b7 Pr\u00e1ticas administrativas;<\/p>\n\n\n\n<p>\u00b7 Sustentabilidade em eventos;<\/p>\n\n\n\n<p>\u00b7 Tend\u00eancias e desafios dos Eventos Sociais.<\/p>\n\n\n\n<figure class=\"wp-block-gallery columns-3 is-cropped wp-block-gallery-1 is-layout-flex wp-block-gallery-is-layout-flex\"><ul class=\"blocks-gallery-grid\"><li class=\"blocks-gallery-item\"><figure><img loading=\"lazy\" decoding=\"async\" width=\"316\" height=\"211\" src=\"https:\/\/gamata.com.br\/cursos\/wp-content\/uploads\/2021\/03\/maira-palestra.jpg\" alt=\"\" data-id=\"5354\" data-link=\"https:\/\/gamata.com.br\/cursos\/palestras\/maira-palestra\/\" class=\"wp-image-5354\" srcset=\"https:\/\/gamata.com.br\/cursos\/wp-content\/uploads\/2021\/03\/maira-palestra.jpg 316w, https:\/\/gamata.com.br\/cursos\/wp-content\/uploads\/2021\/03\/maira-palestra-300x200.jpg 300w, https:\/\/gamata.com.br\/cursos\/wp-content\/uploads\/2021\/03\/maira-palestra-90x60.jpg 90w\" sizes=\"auto, (max-width: 316px) 100vw, 316px\" \/><figcaption class=\"blocks-gallery-item__caption\">Palestra Faap<\/figcaption><\/figure><\/li><li class=\"blocks-gallery-item\"><figure><img loading=\"lazy\" decoding=\"async\" width=\"717\" height=\"478\" src=\"https:\/\/gamata.com.br\/cursos\/wp-content\/uploads\/2021\/03\/palestra-eventos-presidente-prudente.jpg\" alt=\"\" data-id=\"5355\" data-link=\"https:\/\/gamata.com.br\/cursos\/palestras\/palestra-eventos-presidente-prudente\/\" class=\"wp-image-5355\" srcset=\"https:\/\/gamata.com.br\/cursos\/wp-content\/uploads\/2021\/03\/palestra-eventos-presidente-prudente.jpg 717w, https:\/\/gamata.com.br\/cursos\/wp-content\/uploads\/2021\/03\/palestra-eventos-presidente-prudente-300x200.jpg 300w, https:\/\/gamata.com.br\/cursos\/wp-content\/uploads\/2021\/03\/palestra-eventos-presidente-prudente-600x400.jpg 600w, https:\/\/gamata.com.br\/cursos\/wp-content\/uploads\/2021\/03\/palestra-eventos-presidente-prudente-480x320.jpg 480w, https:\/\/gamata.com.br\/cursos\/wp-content\/uploads\/2021\/03\/palestra-eventos-presidente-prudente-90x60.jpg 90w\" sizes=\"auto, (max-width: 717px) 100vw, 717px\" \/><figcaption class=\"blocks-gallery-item__caption\">Palestra Presidente Prudente<\/figcaption><\/figure><\/li><li class=\"blocks-gallery-item\"><figure><img loading=\"lazy\" decoding=\"async\" width=\"717\" height=\"478\" src=\"https:\/\/gamata.com.br\/cursos\/wp-content\/uploads\/2021\/03\/palestra-Faap-sjc.jpg\" alt=\"\" data-id=\"5356\" data-link=\"https:\/\/gamata.com.br\/cursos\/palestras\/palestra-faap-sjc\/\" class=\"wp-image-5356\" srcset=\"https:\/\/gamata.com.br\/cursos\/wp-content\/uploads\/2021\/03\/palestra-Faap-sjc.jpg 717w, https:\/\/gamata.com.br\/cursos\/wp-content\/uploads\/2021\/03\/palestra-Faap-sjc-300x200.jpg 300w, https:\/\/gamata.com.br\/cursos\/wp-content\/uploads\/2021\/03\/palestra-Faap-sjc-600x400.jpg 600w, https:\/\/gamata.com.br\/cursos\/wp-content\/uploads\/2021\/03\/palestra-Faap-sjc-480x320.jpg 480w, https:\/\/gamata.com.br\/cursos\/wp-content\/uploads\/2021\/03\/palestra-Faap-sjc-90x60.jpg 90w\" sizes=\"auto, (max-width: 717px) 100vw, 717px\" \/><figcaption class=\"blocks-gallery-item__caption\">Palestra Faap<\/figcaption><\/figure><\/li><li class=\"blocks-gallery-item\"><figure><img loading=\"lazy\" decoding=\"async\" width=\"316\" height=\"211\" src=\"https:\/\/gamata.com.br\/cursos\/wp-content\/uploads\/2021\/03\/palestra-Faap.jpg\" alt=\"\" data-id=\"5357\" data-link=\"https:\/\/gamata.com.br\/cursos\/palestras\/palestra-faap\/\" class=\"wp-image-5357\" srcset=\"https:\/\/gamata.com.br\/cursos\/wp-content\/uploads\/2021\/03\/palestra-Faap.jpg 316w, https:\/\/gamata.com.br\/cursos\/wp-content\/uploads\/2021\/03\/palestra-Faap-300x200.jpg 300w, https:\/\/gamata.com.br\/cursos\/wp-content\/uploads\/2021\/03\/palestra-Faap-90x60.jpg 90w\" sizes=\"auto, (max-width: 316px) 100vw, 316px\" \/><figcaption class=\"blocks-gallery-item__caption\">Palestra Faap<\/figcaption><\/figure><\/li><li class=\"blocks-gallery-item\"><figure><img loading=\"lazy\" decoding=\"async\" width=\"282\" height=\"188\" src=\"https:\/\/gamata.com.br\/cursos\/wp-content\/uploads\/2021\/03\/palestra-organizadores-sjc.jpg\" alt=\"\" data-id=\"5358\" data-link=\"https:\/\/gamata.com.br\/cursos\/palestras\/palestra-organizadores-sjc\/\" class=\"wp-image-5358\" srcset=\"https:\/\/gamata.com.br\/cursos\/wp-content\/uploads\/2021\/03\/palestra-organizadores-sjc.jpg 282w, https:\/\/gamata.com.br\/cursos\/wp-content\/uploads\/2021\/03\/palestra-organizadores-sjc-90x60.jpg 90w\" sizes=\"auto, (max-width: 282px) 100vw, 282px\" \/><figcaption class=\"blocks-gallery-item__caption\">Palestra Faap<\/figcaption><\/figure><\/li><li class=\"blocks-gallery-item\"><figure><img loading=\"lazy\" decoding=\"async\" width=\"717\" height=\"478\" src=\"https:\/\/gamata.com.br\/cursos\/wp-content\/uploads\/2021\/03\/palestra-para-assessores-de-eventos.jpg\" alt=\"\" data-id=\"5359\" data-link=\"https:\/\/gamata.com.br\/cursos\/palestras\/palestra-para-assessores-de-eventos\/\" class=\"wp-image-5359\" srcset=\"https:\/\/gamata.com.br\/cursos\/wp-content\/uploads\/2021\/03\/palestra-para-assessores-de-eventos.jpg 717w, https:\/\/gamata.com.br\/cursos\/wp-content\/uploads\/2021\/03\/palestra-para-assessores-de-eventos-300x200.jpg 300w, https:\/\/gamata.com.br\/cursos\/wp-content\/uploads\/2021\/03\/palestra-para-assessores-de-eventos-600x400.jpg 600w, https:\/\/gamata.com.br\/cursos\/wp-content\/uploads\/2021\/03\/palestra-para-assessores-de-eventos-480x320.jpg 480w, https:\/\/gamata.com.br\/cursos\/wp-content\/uploads\/2021\/03\/palestra-para-assessores-de-eventos-90x60.jpg 90w\" sizes=\"auto, (max-width: 717px) 100vw, 717px\" \/><figcaption class=\"blocks-gallery-item__caption\">Palestra Presidente Prudente<\/figcaption><\/figure><\/li><li class=\"blocks-gallery-item\"><figure><img loading=\"lazy\" decoding=\"async\" width=\"316\" height=\"211\" src=\"https:\/\/gamata.com.br\/cursos\/wp-content\/uploads\/2021\/03\/palestra-para-cerimonialistas.jpg\" alt=\"\" data-id=\"5360\" data-link=\"https:\/\/gamata.com.br\/cursos\/palestras\/palestra-para-cerimonialistas\/\" class=\"wp-image-5360\" srcset=\"https:\/\/gamata.com.br\/cursos\/wp-content\/uploads\/2021\/03\/palestra-para-cerimonialistas.jpg 316w, https:\/\/gamata.com.br\/cursos\/wp-content\/uploads\/2021\/03\/palestra-para-cerimonialistas-300x200.jpg 300w, https:\/\/gamata.com.br\/cursos\/wp-content\/uploads\/2021\/03\/palestra-para-cerimonialistas-90x60.jpg 90w\" sizes=\"auto, (max-width: 316px) 100vw, 316px\" \/><figcaption class=\"blocks-gallery-item__caption\">Palestra Presidente Prudente<\/figcaption><\/figure><\/li><li class=\"blocks-gallery-item\"><figure><img loading=\"lazy\" decoding=\"async\" width=\"637\" height=\"478\" src=\"https:\/\/gamata.com.br\/cursos\/wp-content\/uploads\/2021\/03\/wedding-planner-brasil-palestra-2012.jpg\" alt=\"\" data-id=\"5361\" data-link=\"https:\/\/gamata.com.br\/cursos\/palestras\/wedding-planner-brasil-palestra-2012\/\" class=\"wp-image-5361\" srcset=\"https:\/\/gamata.com.br\/cursos\/wp-content\/uploads\/2021\/03\/wedding-planner-brasil-palestra-2012.jpg 637w, https:\/\/gamata.com.br\/cursos\/wp-content\/uploads\/2021\/03\/wedding-planner-brasil-palestra-2012-300x225.jpg 300w, https:\/\/gamata.com.br\/cursos\/wp-content\/uploads\/2021\/03\/wedding-planner-brasil-palestra-2012-600x450.jpg 600w, https:\/\/gamata.com.br\/cursos\/wp-content\/uploads\/2021\/03\/wedding-planner-brasil-palestra-2012-480x360.jpg 480w, https:\/\/gamata.com.br\/cursos\/wp-content\/uploads\/2021\/03\/wedding-planner-brasil-palestra-2012-80x60.jpg 80w\" sizes=\"auto, (max-width: 637px) 100vw, 637px\" \/><figcaption class=\"blocks-gallery-item__caption\">Palestra Congresso WPB<\/figcaption><\/figure><\/li><li class=\"blocks-gallery-item\"><figure><img loading=\"lazy\" decoding=\"async\" width=\"637\" height=\"478\" src=\"https:\/\/gamata.com.br\/cursos\/wp-content\/uploads\/2021\/03\/wpb-2012-palestra.jpg\" alt=\"\" data-id=\"5362\" data-full-url=\"https:\/\/gamata.com.br\/cursos\/wp-content\/uploads\/2021\/03\/wpb-2012-palestra.jpg\" data-link=\"https:\/\/gamata.com.br\/cursos\/palestras\/wpb-2012-palestra\/\" class=\"wp-image-5362\" srcset=\"https:\/\/gamata.com.br\/cursos\/wp-content\/uploads\/2021\/03\/wpb-2012-palestra.jpg 637w, https:\/\/gamata.com.br\/cursos\/wp-content\/uploads\/2021\/03\/wpb-2012-palestra-300x225.jpg 300w, https:\/\/gamata.com.br\/cursos\/wp-content\/uploads\/2021\/03\/wpb-2012-palestra-600x450.jpg 600w, https:\/\/gamata.com.br\/cursos\/wp-content\/uploads\/2021\/03\/wpb-2012-palestra-480x360.jpg 480w, https:\/\/gamata.com.br\/cursos\/wp-content\/uploads\/2021\/03\/wpb-2012-palestra-80x60.jpg 80w\" sizes=\"auto, (max-width: 637px) 100vw, 637px\" \/><figcaption class=\"blocks-gallery-item__caption\">Palestra Congresso WPB<\/figcaption><\/figure><\/li><\/ul><\/figure>\n\n\n\n<p class=\"has-text-align-center\">Se voc\u00ea tem interesse em contratar alguma dessas palestras entre em contato conosco pela p\u00e1gina de <a href=\"https:\/\/gamata.com.br\/cursos\/contact-us\/\">contato<\/a>.<\/p>\n","protected":false},"excerpt":{"rendered":"<p>Ao longo de sua trajet\u00f3ria Ma\u00edra desenvolveu uma s\u00e9rie de palestras destinadas a profissionais do mercado de eventos, s\u00e3o elas: \u00b7 A import\u00e2ncia do trabalho em equipe; \u00b7 Check-list e lista de convidados; \u00b7 Como a tecnologia favorece o trabalho dos organizadores de eventos; \u00b7 Detalhes que fazem a diferen\u00e7a; \u00b7 Empreendedorismo \u2013 como vender &hellip; <\/p>\n","protected":false},"author":1,"featured_media":5368,"parent":0,"menu_order":0,"comment_status":"closed","ping_status":"closed","template":"","meta":{"footnotes":""},"class_list":["post-2285","page","type-page","status-publish","has-post-thumbnail","hentry"],"_links":{"self":[{"href":"https:\/\/gamata.com.br\/cursos\/wp-json\/wp\/v2\/pages\/2285","targetHints":{"allow":["GET"]}}],"collection":[{"href":"https:\/\/gamata.com.br\/cursos\/wp-json\/wp\/v2\/pages"}],"about":[{"href":"https:\/\/gamata.com.br\/cursos\/wp-json\/wp\/v2\/types\/page"}],"author":[{"embeddable":true,"href":"https:\/\/gamata.com.br\/cursos\/wp-json\/wp\/v2\/users\/1"}],"replies":[{"embeddable":true,"href":"https:\/\/gamata.com.br\/cursos\/wp-json\/wp\/v2\/comments?post=2285"}],"version-history":[{"count":7,"href":"https:\/\/gamata.com.br\/cursos\/wp-json\/wp\/v2\/pages\/2285\/revisions"}],"predecessor-version":[{"id":5381,"href":"https:\/\/gamata.com.br\/cursos\/wp-json\/wp\/v2\/pages\/2285\/revisions\/5381"}],"wp:featuredmedia":[{"embeddable":true,"href":"https:\/\/gamata.com.br\/cursos\/wp-json\/wp\/v2\/media\/5368"}],"wp:attachment":[{"href":"https:\/\/gamata.com.br\/cursos\/wp-json\/wp\/v2\/media?parent=2285"}],"curies":[{"name":"wp","href":"https:\/\/api.w.org\/{rel}","templated":true}]}}